{"id":91191,"date":"2026-04-17T01:07:00","date_gmt":"2026-04-17T00:07:00","guid":{"rendered":"https:\/\/relaxed-poincare.168-119-193-199.plesk.page\/?post_type=product&#038;p=91191"},"modified":"2026-04-17T01:07:12","modified_gmt":"2026-04-17T00:07:12","slug":"gel-exfoliante-facial-y-corporal","status":"publish","type":"product","link":"https:\/\/relaxed-poincare.168-119-193-199.plesk.page\/en\/productos\/gel-exfoliante-facial-y-corporal\/","title":{"rendered":"Gel exfoliante facial y corporal"},"content":{"rendered":"<p>&nbsp;<\/p>\n<p>&nbsp;<\/p>\n","protected":false},"excerpt":{"rendered":"<p>Gel exfoliante facial y corporal con Aloe Vera y polvo de Semilla de Albaricoque. Ayuda a eliminar las c\u00e9lulas muertas y las impurezas, destapando los poros, previniendo la aparici\u00f3n de vellos encarnados y dejando la piel m\u00e1s suave, luminosa y con un tono uniforme.<br \/>\nApto para todo tipo de piel.<\/p>\n<p><strong>Modo de uso:<\/strong> Masajear suavemente el exfoliante con movimientos circulares sobre la piel h\u00fameda durante unos minutos.<br \/>\nRetirar bien con agua tibia.<\/p>\n<p>ref. 10970 | 400 ml e 13,5 Fl. Oz.<\/p>\n","protected":false},"featured_media":91209,"comment_status":"open","ping_status":"closed","template":"","meta":{"_gspb_post_css":""},"product_brand":[547],"product_cat":[97,105],"product_tag":[550,551,548,533,549,552],"class_list":{"0":"post-91191","1":"product","2":"type-product","3":"status-publish","4":"has-post-thumbnail","6":"product_brand-cosmo-purify","7":"product_cat-cosmo-purify","8":"product_cat-productos","9":"product_tag-cara","10":"product_tag-cuerpo","11":"product_tag-exfoliante","12":"product_tag-facial","13":"product_tag-gel","14":"product_tag-skin","16":"first","17":"instock","18":"taxable","19":"shipping-taxable","20":"purchasable","21":"product-type-simple"},"ct_brands":[{"id":547,"name":"cosmo purify","slug":"cosmo-purify"}],"_links":{"self":[{"href":"https:\/\/relaxed-poincare.168-119-193-199.plesk.page\/en\/wp-json\/wp\/v2\/product\/91191","targetHints":{"allow":["GET"]}}],"collection":[{"href":"https:\/\/relaxed-poincare.168-119-193-199.plesk.page\/en\/wp-json\/wp\/v2\/product"}],"about":[{"href":"https:\/\/relaxed-poincare.168-119-193-199.plesk.page\/en\/wp-json\/wp\/v2\/types\/product"}],"replies":[{"embeddable":true,"href":"https:\/\/relaxed-poincare.168-119-193-199.plesk.page\/en\/wp-json\/wp\/v2\/comments?post=91191"}],"wp:featuredmedia":[{"embeddable":true,"href":"https:\/\/relaxed-poincare.168-119-193-199.plesk.page\/en\/wp-json\/wp\/v2\/media\/91209"}],"wp:attachment":[{"href":"https:\/\/relaxed-poincare.168-119-193-199.plesk.page\/en\/wp-json\/wp\/v2\/media?parent=91191"}],"wp:term":[{"taxonomy":"product_brand","embeddable":true,"href":"https:\/\/relaxed-poincare.168-119-193-199.plesk.page\/en\/wp-json\/wp\/v2\/product_brand?post=91191"},{"taxonomy":"product_cat","embeddable":true,"href":"https:\/\/relaxed-poincare.168-119-193-199.plesk.page\/en\/wp-json\/wp\/v2\/product_cat?post=91191"},{"taxonomy":"product_tag","embeddable":true,"href":"https:\/\/relaxed-poincare.168-119-193-199.plesk.page\/en\/wp-json\/wp\/v2\/product_tag?post=91191"}],"curies":[{"name":"wp","href":"https:\/\/api.w.org\/{rel}","templated":true}]}}