{"id":91220,"date":"2026-04-17T01:07:21","date_gmt":"2026-04-17T00:07:21","guid":{"rendered":"https:\/\/relaxed-poincare.168-119-193-199.plesk.page\/?post_type=product&#038;p=91220"},"modified":"2026-04-17T01:07:23","modified_gmt":"2026-04-17T00:07:23","slug":"crema-de-platano-y-aloe-vera100-cara-y-cuerpo","status":"publish","type":"product","link":"https:\/\/relaxed-poincare.168-119-193-199.plesk.page\/en\/productos\/crema-de-platano-y-aloe-vera100-cara-y-cuerpo\/","title":{"rendered":"Crema de pl\u00e1tano y aloe vera100% cara y cuerpo"},"content":{"rendered":"","protected":false},"excerpt":{"rendered":"<p>Emulsi\u00f3n corporal hidratante con Aloe Vera y extracto de pl\u00e1tano rico en potasio. Otorga a la piel m\u00e1xima hidrataci\u00f3n. Su textura proporciona elasticidad y suavidad. Eficaz para pieles secas, escamosas o \u00e1speras.<br \/>\n<strong>Modo de uso:<\/strong> Aplicar generosamente sobre la zona adecuada repitiendo la operaci\u00f3n cuantas veces sea necesearia.<\/p>\n","protected":false},"featured_media":91230,"comment_status":"open","ping_status":"closed","template":"","meta":{"_gspb_post_css":""},"product_brand":[],"product_cat":[234,105],"product_tag":[],"class_list":{"0":"post-91220","1":"product","2":"type-product","3":"status-publish","4":"has-post-thumbnail","6":"product_cat-cosmo-basics","7":"product_cat-productos","9":"first","10":"outofstock","11":"taxable","12":"shipping-taxable","13":"purchasable","14":"product-type-simple"},"ct_brands":[],"_links":{"self":[{"href":"https:\/\/relaxed-poincare.168-119-193-199.plesk.page\/en\/wp-json\/wp\/v2\/product\/91220","targetHints":{"allow":["GET"]}}],"collection":[{"href":"https:\/\/relaxed-poincare.168-119-193-199.plesk.page\/en\/wp-json\/wp\/v2\/product"}],"about":[{"href":"https:\/\/relaxed-poincare.168-119-193-199.plesk.page\/en\/wp-json\/wp\/v2\/types\/product"}],"replies":[{"embeddable":true,"href":"https:\/\/relaxed-poincare.168-119-193-199.plesk.page\/en\/wp-json\/wp\/v2\/comments?post=91220"}],"wp:featuredmedia":[{"embeddable":true,"href":"https:\/\/relaxed-poincare.168-119-193-199.plesk.page\/en\/wp-json\/wp\/v2\/media\/91230"}],"wp:attachment":[{"href":"https:\/\/relaxed-poincare.168-119-193-199.plesk.page\/en\/wp-json\/wp\/v2\/media?parent=91220"}],"wp:term":[{"taxonomy":"product_brand","embeddable":true,"href":"https:\/\/relaxed-poincare.168-119-193-199.plesk.page\/en\/wp-json\/wp\/v2\/product_brand?post=91220"},{"taxonomy":"product_cat","embeddable":true,"href":"https:\/\/relaxed-poincare.168-119-193-199.plesk.page\/en\/wp-json\/wp\/v2\/product_cat?post=91220"},{"taxonomy":"product_tag","embeddable":true,"href":"https:\/\/relaxed-poincare.168-119-193-199.plesk.page\/en\/wp-json\/wp\/v2\/product_tag?post=91220"}],"curies":[{"name":"wp","href":"https:\/\/api.w.org\/{rel}","templated":true}]}}