{"id":91222,"date":"2026-04-17T01:07:21","date_gmt":"2026-04-17T00:07:21","guid":{"rendered":"https:\/\/relaxed-poincare.168-119-193-199.plesk.page\/?post_type=product&#038;p=91222"},"modified":"2026-04-17T01:07:24","modified_gmt":"2026-04-17T00:07:24","slug":"ad1070-crema-facial-con-aceite-de-canamo-y-aloe-vera","status":"publish","type":"product","link":"https:\/\/relaxed-poincare.168-119-193-199.plesk.page\/en\/productos\/ad1070-crema-facial-con-aceite-de-canamo-y-aloe-vera\/","title":{"rendered":"AD1070 Crema facial con aceite de c\u00e1\u00f1amo y aloe vera"},"content":{"rendered":"","protected":false},"excerpt":{"rendered":"<p>Con Aloe Vera y aceite de c\u00e1\u00f1amo (0% THC) con \u00e1cidos grasos, vitamina E, sales minerales y antioxidantes.<br \/>\nPara todo tipo de pieles, sobre todo sensibles.<br \/>\n<strong>Modo de uso:<\/strong> Aplicar sobre la piel limpia del rostro, cuello y escote con un suave masaje hasta su total absorci\u00f3n.<\/p>\n<p>ref. 180200 | 100 ml e 3,4 Fl. Oz.<\/p>\n","protected":false},"featured_media":91231,"comment_status":"open","ping_status":"closed","template":"","meta":{"_gspb_post_css":""},"product_brand":[],"product_cat":[221,105],"product_tag":[],"class_list":{"0":"post-91222","1":"product","2":"type-product","3":"status-publish","4":"has-post-thumbnail","6":"product_cat-aloe-dreams","7":"product_cat-productos","9":"first","10":"instock","11":"taxable","12":"shipping-taxable","13":"purchasable","14":"product-type-simple"},"ct_brands":[],"_links":{"self":[{"href":"https:\/\/relaxed-poincare.168-119-193-199.plesk.page\/en\/wp-json\/wp\/v2\/product\/91222","targetHints":{"allow":["GET"]}}],"collection":[{"href":"https:\/\/relaxed-poincare.168-119-193-199.plesk.page\/en\/wp-json\/wp\/v2\/product"}],"about":[{"href":"https:\/\/relaxed-poincare.168-119-193-199.plesk.page\/en\/wp-json\/wp\/v2\/types\/product"}],"replies":[{"embeddable":true,"href":"https:\/\/relaxed-poincare.168-119-193-199.plesk.page\/en\/wp-json\/wp\/v2\/comments?post=91222"}],"wp:featuredmedia":[{"embeddable":true,"href":"https:\/\/relaxed-poincare.168-119-193-199.plesk.page\/en\/wp-json\/wp\/v2\/media\/91231"}],"wp:attachment":[{"href":"https:\/\/relaxed-poincare.168-119-193-199.plesk.page\/en\/wp-json\/wp\/v2\/media?parent=91222"}],"wp:term":[{"taxonomy":"product_brand","embeddable":true,"href":"https:\/\/relaxed-poincare.168-119-193-199.plesk.page\/en\/wp-json\/wp\/v2\/product_brand?post=91222"},{"taxonomy":"product_cat","embeddable":true,"href":"https:\/\/relaxed-poincare.168-119-193-199.plesk.page\/en\/wp-json\/wp\/v2\/product_cat?post=91222"},{"taxonomy":"product_tag","embeddable":true,"href":"https:\/\/relaxed-poincare.168-119-193-199.plesk.page\/en\/wp-json\/wp\/v2\/product_tag?post=91222"}],"curies":[{"name":"wp","href":"https:\/\/api.w.org\/{rel}","templated":true}]}}