{"id":91224,"date":"2026-04-17T01:07:21","date_gmt":"2026-04-17T00:07:21","guid":{"rendered":"https:\/\/relaxed-poincare.168-119-193-199.plesk.page\/?post_type=product&#038;p=91224"},"modified":"2026-04-17T01:07:26","modified_gmt":"2026-04-17T00:07:26","slug":"locion-facial-y-barba","status":"publish","type":"product","link":"https:\/\/relaxed-poincare.168-119-193-199.plesk.page\/en\/productos\/locion-facial-y-barba\/","title":{"rendered":"Loci\u00f3n facial y barba"},"content":{"rendered":"","protected":false},"excerpt":{"rendered":"<p>Emulsi\u00f3n fluida para rostro y barba enriquecida con aloe vera, edelweiss, reishi, almid\u00f3n de arroz y otros extractos de plantas. Hidrata la piel y ayuda con problemas comunes de la barba, como picaz\u00f3n y caspa, promoviendo un crecimiento saludable.<br \/>\n<strong>Modo de uso:<\/strong> Aplicar en todo el rostro y la barba con la frecuencia necesaria, especialmente durante el fr\u00edo.<\/p>\n<p>ref. 190200 | 50 ml e 1,7 Fl. Oz.<\/p>\n","protected":false},"featured_media":91233,"comment_status":"open","ping_status":"closed","template":"","meta":{"_gspb_post_css":""},"product_brand":[],"product_cat":[595,105],"product_tag":[],"class_list":{"0":"post-91224","1":"product","2":"type-product","3":"status-publish","4":"has-post-thumbnail","6":"product_cat-for-men","7":"product_cat-productos","9":"first","10":"instock","11":"taxable","12":"shipping-taxable","13":"purchasable","14":"product-type-simple"},"ct_brands":[],"_links":{"self":[{"href":"https:\/\/relaxed-poincare.168-119-193-199.plesk.page\/en\/wp-json\/wp\/v2\/product\/91224","targetHints":{"allow":["GET"]}}],"collection":[{"href":"https:\/\/relaxed-poincare.168-119-193-199.plesk.page\/en\/wp-json\/wp\/v2\/product"}],"about":[{"href":"https:\/\/relaxed-poincare.168-119-193-199.plesk.page\/en\/wp-json\/wp\/v2\/types\/product"}],"replies":[{"embeddable":true,"href":"https:\/\/relaxed-poincare.168-119-193-199.plesk.page\/en\/wp-json\/wp\/v2\/comments?post=91224"}],"wp:featuredmedia":[{"embeddable":true,"href":"https:\/\/relaxed-poincare.168-119-193-199.plesk.page\/en\/wp-json\/wp\/v2\/media\/91233"}],"wp:attachment":[{"href":"https:\/\/relaxed-poincare.168-119-193-199.plesk.page\/en\/wp-json\/wp\/v2\/media?parent=91224"}],"wp:term":[{"taxonomy":"product_brand","embeddable":true,"href":"https:\/\/relaxed-poincare.168-119-193-199.plesk.page\/en\/wp-json\/wp\/v2\/product_brand?post=91224"},{"taxonomy":"product_cat","embeddable":true,"href":"https:\/\/relaxed-poincare.168-119-193-199.plesk.page\/en\/wp-json\/wp\/v2\/product_cat?post=91224"},{"taxonomy":"product_tag","embeddable":true,"href":"https:\/\/relaxed-poincare.168-119-193-199.plesk.page\/en\/wp-json\/wp\/v2\/product_tag?post=91224"}],"curies":[{"name":"wp","href":"https:\/\/api.w.org\/{rel}","templated":true}]}}