{"id":91227,"date":"2026-04-17T01:07:21","date_gmt":"2026-04-17T00:07:21","guid":{"rendered":"https:\/\/relaxed-poincare.168-119-193-199.plesk.page\/?post_type=product&#038;p=91227"},"modified":"2026-04-17T01:07:29","modified_gmt":"2026-04-17T00:07:29","slug":"crema-de-manos-100-eco-vegana","status":"publish","type":"product","link":"https:\/\/relaxed-poincare.168-119-193-199.plesk.page\/en\/productos\/crema-de-manos-100-eco-vegana\/","title":{"rendered":"Crema de manos 100% eco-vegana"},"content":{"rendered":"","protected":false},"excerpt":{"rendered":"<p>Su f\u00f3rmula protege frente a los agentes externos, aumenta la respuesta inmunol\u00f3gica. Act\u00faa contra el envejecimiento prematuro. Tiene propiedades antioxidantes. Bacteriost\u00e1tica y anti-f\u00fangica. Aumenta la resistencia de la piel.<br \/>\n<strong>Modo de uso:<\/strong> Aplicar una peque\u00f1a cantidad en cara, cuello y escote con suave masaje hasta su total absorci\u00f3n.<\/p>\n<p>ref. 270020 | 100 ml e 3,4 Fl. Oz.<\/p>\n","protected":false},"featured_media":91236,"comment_status":"open","ping_status":"closed","template":"","meta":{"_gspb_post_css":""},"product_brand":[],"product_cat":[222,105],"product_tag":[],"class_list":{"0":"post-91227","1":"product","2":"type-product","3":"status-publish","4":"has-post-thumbnail","6":"product_cat-aloe-protect","7":"product_cat-productos","9":"first","10":"instock","11":"taxable","12":"shipping-taxable","13":"purchasable","14":"product-type-simple"},"ct_brands":[],"_links":{"self":[{"href":"https:\/\/relaxed-poincare.168-119-193-199.plesk.page\/en\/wp-json\/wp\/v2\/product\/91227","targetHints":{"allow":["GET"]}}],"collection":[{"href":"https:\/\/relaxed-poincare.168-119-193-199.plesk.page\/en\/wp-json\/wp\/v2\/product"}],"about":[{"href":"https:\/\/relaxed-poincare.168-119-193-199.plesk.page\/en\/wp-json\/wp\/v2\/types\/product"}],"replies":[{"embeddable":true,"href":"https:\/\/relaxed-poincare.168-119-193-199.plesk.page\/en\/wp-json\/wp\/v2\/comments?post=91227"}],"wp:featuredmedia":[{"embeddable":true,"href":"https:\/\/relaxed-poincare.168-119-193-199.plesk.page\/en\/wp-json\/wp\/v2\/media\/91236"}],"wp:attachment":[{"href":"https:\/\/relaxed-poincare.168-119-193-199.plesk.page\/en\/wp-json\/wp\/v2\/media?parent=91227"}],"wp:term":[{"taxonomy":"product_brand","embeddable":true,"href":"https:\/\/relaxed-poincare.168-119-193-199.plesk.page\/en\/wp-json\/wp\/v2\/product_brand?post=91227"},{"taxonomy":"product_cat","embeddable":true,"href":"https:\/\/relaxed-poincare.168-119-193-199.plesk.page\/en\/wp-json\/wp\/v2\/product_cat?post=91227"},{"taxonomy":"product_tag","embeddable":true,"href":"https:\/\/relaxed-poincare.168-119-193-199.plesk.page\/en\/wp-json\/wp\/v2\/product_tag?post=91227"}],"curies":[{"name":"wp","href":"https:\/\/api.w.org\/{rel}","templated":true}]}}