{"id":91261,"date":"2026-04-17T01:13:39","date_gmt":"2026-04-17T00:13:39","guid":{"rendered":"https:\/\/relaxed-poincare.168-119-193-199.plesk.page\/?post_type=product&#038;p=91261"},"modified":"2026-05-08T01:31:33","modified_gmt":"2026-05-08T00:31:33","slug":"pack-masaje-n-1","status":"publish","type":"product","link":"https:\/\/relaxed-poincare.168-119-193-199.plesk.page\/en\/pack-masaje-n-1\/","title":{"rendered":"Pack Masaje N.1"},"content":{"rendered":"<p><strong>Modo de Empleo:<\/strong> Aplicar el cosm\u00e9tico mediante masajes circulares con las manos. Una vez absorbido, potenciar su efecto con el masajeador.<\/p>\n","protected":false},"excerpt":{"rendered":"<p data-start=\"116\" data-end=\"262\">Disfruta de una experiencia completa de bienestar con este pack dise\u00f1ado para aliviar tensiones y cuidar tus m\u00fasculos despu\u00e9s del esfuerzo diario.<\/p>\n<p data-start=\"264\" data-end=\"276\"><strong data-start=\"264\" data-end=\"276\">Incluye:<\/strong><\/p>\n<p data-start=\"278\" data-end=\"442\"><strong data-start=\"278\" data-end=\"298\">Masajeador N.\u00ba 1<\/strong><br data-start=\"298\" data-end=\"301\" \/>Un dispositivo pensado para proporcionar un masaje profundo y efectivo, ayudando a liberar la tensi\u00f3n acumulada en zonas musculares cargadas.<\/p>\n<p data-start=\"444\" data-end=\"629\"><strong data-start=\"444\" data-end=\"467\">Aloe Confort 100 ml<\/strong><br data-start=\"467\" data-end=\"470\" \/>Gel de masaje con aloe vera, ideal para calmar, refrescar y facilitar el masaje en zonas con molestias musculares, aportando una agradable sensaci\u00f3n de alivio.<\/p>\n","protected":false},"featured_media":92097,"comment_status":"open","ping_status":"closed","template":"","meta":{"_gspb_post_css":""},"product_brand":[],"product_cat":[64],"product_tag":[680],"class_list":{"0":"post-91261","1":"product","2":"type-product","3":"status-publish","4":"has-post-thumbnail","6":"product_cat-packs","7":"product_tag-masaje","9":"first","10":"instock","11":"taxable","12":"shipping-taxable","13":"purchasable","14":"product-type-simple"},"ct_brands":[],"_links":{"self":[{"href":"https:\/\/relaxed-poincare.168-119-193-199.plesk.page\/en\/wp-json\/wp\/v2\/product\/91261","targetHints":{"allow":["GET"]}}],"collection":[{"href":"https:\/\/relaxed-poincare.168-119-193-199.plesk.page\/en\/wp-json\/wp\/v2\/product"}],"about":[{"href":"https:\/\/relaxed-poincare.168-119-193-199.plesk.page\/en\/wp-json\/wp\/v2\/types\/product"}],"replies":[{"embeddable":true,"href":"https:\/\/relaxed-poincare.168-119-193-199.plesk.page\/en\/wp-json\/wp\/v2\/comments?post=91261"}],"wp:featuredmedia":[{"embeddable":true,"href":"https:\/\/relaxed-poincare.168-119-193-199.plesk.page\/en\/wp-json\/wp\/v2\/media\/92097"}],"wp:attachment":[{"href":"https:\/\/relaxed-poincare.168-119-193-199.plesk.page\/en\/wp-json\/wp\/v2\/media?parent=91261"}],"wp:term":[{"taxonomy":"product_brand","embeddable":true,"href":"https:\/\/relaxed-poincare.168-119-193-199.plesk.page\/en\/wp-json\/wp\/v2\/product_brand?post=91261"},{"taxonomy":"product_cat","embeddable":true,"href":"https:\/\/relaxed-poincare.168-119-193-199.plesk.page\/en\/wp-json\/wp\/v2\/product_cat?post=91261"},{"taxonomy":"product_tag","embeddable":true,"href":"https:\/\/relaxed-poincare.168-119-193-199.plesk.page\/en\/wp-json\/wp\/v2\/product_tag?post=91261"}],"curies":[{"name":"wp","href":"https:\/\/api.w.org\/{rel}","templated":true}]}}