{"id":91274,"date":"2026-04-17T01:20:19","date_gmt":"2026-04-17T00:20:19","guid":{"rendered":"https:\/\/relaxed-poincare.168-119-193-199.plesk.page\/?post_type=product&#038;p=91274"},"modified":"2026-04-17T01:20:20","modified_gmt":"2026-04-17T00:20:20","slug":"pack-diamond-night-3","status":"publish","type":"product","link":"https:\/\/relaxed-poincare.168-119-193-199.plesk.page\/en\/productos\/pack-diamond-night-3\/","title":{"rendered":"Pack Diamond Night"},"content":{"rendered":"<p><strong>Modo de uso:<\/strong> Aplicar por la noche, haci\u00e9ndola penetrar mediante ligero masaje.<\/p>\n","protected":false},"excerpt":{"rendered":"<h2><strong>Pack antiedad de noche<\/strong><\/h2>\n<p><span class=\"relative -mx-px my-[-0.2rem] rounded px-px py-[0.2rem] transition-colors duration-100 ease-in-out\">La colecci\u00f3n <strong data-start=\"13\" data-end=\"29\">Deluxe Night<\/strong> est\u00e1 dise\u00f1ada para ofrecer un cuidado intensivo durante la noche, aprovechando las horas de descanso para regenerar y nutrir profundamente la piel.<\/span> <span class=\"relative -mx-px my-[-0.2rem] rounded px-px py-[0.2rem] transition-colors duration-100 ease-in-out\">Esta l\u00ednea combina ingredientes naturales y tecnolog\u00eda cosm\u00e9tica avanzada para proporcionar hidrataci\u00f3n, firmeza y luminosidad al despertar.<\/span><\/p>\n<div class=\"woocommerce-product-details__short-description\">\n<p class=\"p1\"><a href=\"https:\/\/www.cosmonatura.shop\/diamond-night-total-repair-serum-de-tratamiento-antiedad\/\"><span style=\"color: #ff6600;\">Diamond Night Total Repair S\u00e9rum de tratamiento antiedad<\/span><\/a> ref. 170447 | 35 ml e 1,2 Fl. Oz.<\/p>\n<p><a href=\"https:\/\/www.cosmonatura.shop\/diamond-night-total-repair-crema-tratamiento-antiedad\/\"><span style=\"color: #ff6600;\">Diamond Night Total Repair Crema tratamiento antiedad<\/span><\/a> ref. 170445 | 50 ml e 1,7 Fl. Oz.<\/p>\n<\/div>\n","protected":false},"featured_media":90940,"comment_status":"open","ping_status":"closed","template":"","meta":{"_gspb_post_css":""},"product_brand":[],"product_cat":[83,64],"product_tag":[501,500,71,504,503,502,513,512,511],"class_list":{"0":"post-91274","1":"product","2":"type-product","3":"status-publish","4":"has-post-thumbnail","6":"product_cat-deluxe","7":"product_cat-packs","8":"product_tag-antiedad","9":"product_tag-crema","10":"product_tag-deluxe","11":"product_tag-diamond","12":"product_tag-night","13":"product_tag-noche","14":"product_tag-pack-2","15":"product_tag-serum-2","16":"product_tag-tratamiento","18":"first","19":"instock","20":"taxable","21":"shipping-taxable","22":"purchasable","23":"product-type-simple"},"ct_brands":[],"_links":{"self":[{"href":"https:\/\/relaxed-poincare.168-119-193-199.plesk.page\/en\/wp-json\/wp\/v2\/product\/91274","targetHints":{"allow":["GET"]}}],"collection":[{"href":"https:\/\/relaxed-poincare.168-119-193-199.plesk.page\/en\/wp-json\/wp\/v2\/product"}],"about":[{"href":"https:\/\/relaxed-poincare.168-119-193-199.plesk.page\/en\/wp-json\/wp\/v2\/types\/product"}],"replies":[{"embeddable":true,"href":"https:\/\/relaxed-poincare.168-119-193-199.plesk.page\/en\/wp-json\/wp\/v2\/comments?post=91274"}],"wp:featuredmedia":[{"embeddable":true,"href":"https:\/\/relaxed-poincare.168-119-193-199.plesk.page\/en\/wp-json\/wp\/v2\/media\/90940"}],"wp:attachment":[{"href":"https:\/\/relaxed-poincare.168-119-193-199.plesk.page\/en\/wp-json\/wp\/v2\/media?parent=91274"}],"wp:term":[{"taxonomy":"product_brand","embeddable":true,"href":"https:\/\/relaxed-poincare.168-119-193-199.plesk.page\/en\/wp-json\/wp\/v2\/product_brand?post=91274"},{"taxonomy":"product_cat","embeddable":true,"href":"https:\/\/relaxed-poincare.168-119-193-199.plesk.page\/en\/wp-json\/wp\/v2\/product_cat?post=91274"},{"taxonomy":"product_tag","embeddable":true,"href":"https:\/\/relaxed-poincare.168-119-193-199.plesk.page\/en\/wp-json\/wp\/v2\/product_tag?post=91274"}],"curies":[{"name":"wp","href":"https:\/\/api.w.org\/{rel}","templated":true}]}}