{"id":91302,"date":"2026-04-17T01:20:42","date_gmt":"2026-04-17T00:20:42","guid":{"rendered":"https:\/\/relaxed-poincare.168-119-193-199.plesk.page\/?post_type=product&#038;p=91302"},"modified":"2026-04-17T01:20:43","modified_gmt":"2026-04-17T00:20:43","slug":"pack-skinsen-con-balance-cream-3","status":"publish","type":"product","link":"https:\/\/relaxed-poincare.168-119-193-199.plesk.page\/en\/productos\/pack-skinsen-con-balance-cream-3\/","title":{"rendered":"Pack Skinsen con Balance Cream"},"content":{"rendered":"<p><strong>Modo de Uso:<\/strong> Aplicar en rostro, cuello y escote con suave masaje hasta su total absorci\u00f3n.<\/p>\n","protected":false},"excerpt":{"rendered":"<p data-start=\"78\" data-end=\"142\"><strong data-start=\"78\" data-end=\"142\">Pack de Rutina Facial Piel Mixta, con Grasa y Sensible<\/strong><\/p>\n<p data-start=\"78\" data-end=\"142\">Descubre el equilibrio perfecto con nuestro pack de rutina facial, dise\u00f1ado para limpiar, hidratar y proteger tu piel todos los d\u00edas. Incluye agua micelar, leche desmaquillante, t\u00f3nico y crema facial hidratante ligera. Su f\u00f3rmula natural deja tu rostro fresco, luminoso y saludable.<\/p>\n<p data-start=\"78\" data-end=\"142\"><span style=\"color: #ff6600;\"><a style=\"color: #ff6600;\" href=\"https:\/\/www.cosmonatura.shop\/agua-micelar\/\">Agua micelar<\/a><\/span> <span class=\"selectable-text copyable-text false\">ref.\u00a0<\/span><span class=\"selectable-text copyable-text false\">293000 | 100<\/span><span class=\"selectable-text copyable-text false\">\u00a0ml e 3,4 Fl. Oz.<\/span><\/p>\n<p data-start=\"78\" data-end=\"142\"><a href=\"https:\/\/www.cosmonatura.shop\/leche-desmaquillante-purificante\/\"><span style=\"color: #ff6600;\">Leche Desmaquillante<\/span><\/a> ref. 291000 | 100 ml e 3,4 Fl. Oz.<\/p>\n<p data-start=\"78\" data-end=\"142\"><a href=\"https:\/\/www.cosmonatura.shop\/tonico\/\"><span style=\"color: #ff6600;\">T\u00f3nico<\/span><\/a> ref. 292000 | 100 ml e 3,4 Fl. Oz.<\/p>\n<p data-start=\"78\" data-end=\"142\"><a href=\"https:\/\/www.cosmonatura.shop\/balance-cream-piel-sensible-grasa\/\"><span style=\"color: #ff6600;\">Balance Cream<\/span> <\/a>ref. 294000 | 40 ml e 1,3 Fl. Oz.<\/p>\n","protected":false},"featured_media":91201,"comment_status":"open","ping_status":"closed","template":"","meta":{"_gspb_post_css":""},"product_brand":[590],"product_cat":[64,105,477],"product_tag":[498,479],"class_list":{"0":"post-91302","1":"product","2":"type-product","3":"status-publish","4":"has-post-thumbnail","6":"product_brand-skinsen","7":"product_cat-packs","8":"product_cat-productos","9":"product_cat-skinsen","10":"product_tag-packs","11":"product_tag-skinsen","13":"first","14":"instock","15":"taxable","16":"shipping-taxable","17":"purchasable","18":"product-type-simple"},"ct_brands":[{"id":590,"name":"skinsen","slug":"skinsen"}],"_links":{"self":[{"href":"https:\/\/relaxed-poincare.168-119-193-199.plesk.page\/en\/wp-json\/wp\/v2\/product\/91302","targetHints":{"allow":["GET"]}}],"collection":[{"href":"https:\/\/relaxed-poincare.168-119-193-199.plesk.page\/en\/wp-json\/wp\/v2\/product"}],"about":[{"href":"https:\/\/relaxed-poincare.168-119-193-199.plesk.page\/en\/wp-json\/wp\/v2\/types\/product"}],"replies":[{"embeddable":true,"href":"https:\/\/relaxed-poincare.168-119-193-199.plesk.page\/en\/wp-json\/wp\/v2\/comments?post=91302"}],"wp:featuredmedia":[{"embeddable":true,"href":"https:\/\/relaxed-poincare.168-119-193-199.plesk.page\/en\/wp-json\/wp\/v2\/media\/91201"}],"wp:attachment":[{"href":"https:\/\/relaxed-poincare.168-119-193-199.plesk.page\/en\/wp-json\/wp\/v2\/media?parent=91302"}],"wp:term":[{"taxonomy":"product_brand","embeddable":true,"href":"https:\/\/relaxed-poincare.168-119-193-199.plesk.page\/en\/wp-json\/wp\/v2\/product_brand?post=91302"},{"taxonomy":"product_cat","embeddable":true,"href":"https:\/\/relaxed-poincare.168-119-193-199.plesk.page\/en\/wp-json\/wp\/v2\/product_cat?post=91302"},{"taxonomy":"product_tag","embeddable":true,"href":"https:\/\/relaxed-poincare.168-119-193-199.plesk.page\/en\/wp-json\/wp\/v2\/product_tag?post=91302"}],"curies":[{"name":"wp","href":"https:\/\/api.w.org\/{rel}","templated":true}]}}