{"id":91304,"date":"2026-04-17T01:20:42","date_gmt":"2026-04-17T00:20:42","guid":{"rendered":"https:\/\/relaxed-poincare.168-119-193-199.plesk.page\/?post_type=product&#038;p=91304"},"modified":"2026-04-17T01:20:43","modified_gmt":"2026-04-17T00:20:43","slug":"pack-diamond-3","status":"publish","type":"product","link":"https:\/\/relaxed-poincare.168-119-193-199.plesk.page\/en\/productos\/pack-diamond-3\/","title":{"rendered":"Pack Diamond"},"content":{"rendered":"<div class=\"woocommerce-tabs wc-tabs-wrapper\">\n<div id=\"tab-description\" class=\"woocommerce-Tabs-panel woocommerce-Tabs-panel--description panel entry-content wc-tab\" role=\"tabpanel\" aria-labelledby=\"tab-title-description\">\n<p><strong>Modo de uso:<\/strong> Aplicar la crema sobre cara, cuello y escote, preferiblemente por la ma\u00f1ana. Dispensar el s\u00e9rum con una peque\u00f1a cantidad de producto sobre los dedos. Extender con un ligero masaje sobre la piel limpia del rostro, cuello y escote.<\/p>\n<\/div>\n<\/div>\n","protected":false},"excerpt":{"rendered":"<h2>Pack Deluxe Antiedad<\/h2>\n<p>Combina c\u00e9lulas madre de Aloe Vera y Ginkgo Biloba para estimular la proliferaci\u00f3n celular, mientras que la rosa mosqueta, el arg\u00e1n y la manteca de karit\u00e9 aportan una nutrici\u00f3n profunda. Su f\u00f3rmula tambi\u00e9n incluye col\u00e1geno, elastina y coenzima Q10 para mejorar la firmeza de la piel, \u00e1cido hialur\u00f3nico y ceratonia siliqua para una hidrataci\u00f3n duradera, y un complejo de vitaminas A, C y E que act\u00faan como potentes antioxidantes. Crema y S\u00e9rum ideales para usar en las ma\u00f1anas, protegiendo y revitalizando tu piel desde el primer momento del d\u00eda.<\/p>\n<p><a href=\"https:\/\/www.cosmonatura.shop\/diamond-cream-tratamiento-antiedad\/\"><span style=\"color: #ff6600;\">Diamond Cream tratamiento antiedad<\/span><\/a> ref. 170430 | 50 ml e 1,7 Fl. Oz.<\/p>\n<p><a href=\"https:\/\/www.cosmonatura.shop\/diamond-essence-serum-tratamiento-antiedad\/\"><span style=\"color: #ff6600;\">Diamond Essence S\u00e9rum tratamiento antiedad<\/span><\/a> ref. 170440 | 50 ml e 1,7 Fl. Oz.<\/p>\n","protected":false},"featured_media":91203,"comment_status":"open","ping_status":"closed","template":"","meta":{"_gspb_post_css":""},"product_brand":[],"product_cat":[83,346,64],"product_tag":[501,500,504,513,512],"class_list":{"0":"post-91304","1":"product","2":"type-product","3":"status-publish","4":"has-post-thumbnail","6":"product_cat-deluxe","7":"product_cat-novedades","8":"product_cat-packs","9":"product_tag-antiedad","10":"product_tag-crema","11":"product_tag-diamond","12":"product_tag-pack-2","13":"product_tag-serum-2","15":"first","16":"instock","17":"taxable","18":"shipping-taxable","19":"purchasable","20":"product-type-simple"},"ct_brands":[],"_links":{"self":[{"href":"https:\/\/relaxed-poincare.168-119-193-199.plesk.page\/en\/wp-json\/wp\/v2\/product\/91304","targetHints":{"allow":["GET"]}}],"collection":[{"href":"https:\/\/relaxed-poincare.168-119-193-199.plesk.page\/en\/wp-json\/wp\/v2\/product"}],"about":[{"href":"https:\/\/relaxed-poincare.168-119-193-199.plesk.page\/en\/wp-json\/wp\/v2\/types\/product"}],"replies":[{"embeddable":true,"href":"https:\/\/relaxed-poincare.168-119-193-199.plesk.page\/en\/wp-json\/wp\/v2\/comments?post=91304"}],"wp:featuredmedia":[{"embeddable":true,"href":"https:\/\/relaxed-poincare.168-119-193-199.plesk.page\/en\/wp-json\/wp\/v2\/media\/91203"}],"wp:attachment":[{"href":"https:\/\/relaxed-poincare.168-119-193-199.plesk.page\/en\/wp-json\/wp\/v2\/media?parent=91304"}],"wp:term":[{"taxonomy":"product_brand","embeddable":true,"href":"https:\/\/relaxed-poincare.168-119-193-199.plesk.page\/en\/wp-json\/wp\/v2\/product_brand?post=91304"},{"taxonomy":"product_cat","embeddable":true,"href":"https:\/\/relaxed-poincare.168-119-193-199.plesk.page\/en\/wp-json\/wp\/v2\/product_cat?post=91304"},{"taxonomy":"product_tag","embeddable":true,"href":"https:\/\/relaxed-poincare.168-119-193-199.plesk.page\/en\/wp-json\/wp\/v2\/product_tag?post=91304"}],"curies":[{"name":"wp","href":"https:\/\/api.w.org\/{rel}","templated":true}]}}