{"id":92287,"date":"2026-05-06T09:32:41","date_gmt":"2026-05-06T08:32:41","guid":{"rendered":"https:\/\/relaxed-poincare.168-119-193-199.plesk.page\/?post_type=product&#038;p=92287"},"modified":"2026-05-08T11:04:36","modified_gmt":"2026-05-08T10:04:36","slug":"aloe-sun-crema-facial-regeneradora-fps-50","status":"publish","type":"product","link":"https:\/\/relaxed-poincare.168-119-193-199.plesk.page\/en\/aloe-sun-crema-facial-regeneradora-fps-50\/","title":{"rendered":"Aloe-Sun crema facial regeneradora FPS 50"},"content":{"rendered":"","protected":false},"excerpt":{"rendered":"<p>A\u00fana las propiedades de una crema facial nutritiva con protecci\u00f3n frente a las radiaciones solares. Contiene aloe vera y aceites esenciales, que nutren y regeneran. Previene y act\u00faa contra los signos del envejecimiento y las manchas que produce la exposici\u00f3n al sol.<\/p>\n<p>FPS 50.<\/p>\n<p>Modo de uso: Puede usarse diariamente, por la ma\u00f1ana como crema de tratamiento diario, y como protector facial Aplicar sobre la piel con un suave masaje hasta su total absorci\u00f3n.<\/p>\n<p>ref. 170630 | 100 ml e 3,4 Fl. Oz.<\/p>\n","protected":false},"featured_media":89905,"comment_status":"open","ping_status":"closed","template":"","meta":{"_gspb_post_css":""},"product_brand":[],"product_cat":[672],"product_tag":[],"class_list":{"0":"post-92287","1":"product","2":"type-product","3":"status-publish","4":"has-post-thumbnail","6":"product_cat-proteccion-solar","8":"first","9":"instock","10":"taxable","11":"shipping-taxable","12":"purchasable","13":"product-type-simple"},"ct_brands":[],"_links":{"self":[{"href":"https:\/\/relaxed-poincare.168-119-193-199.plesk.page\/en\/wp-json\/wp\/v2\/product\/92287","targetHints":{"allow":["GET"]}}],"collection":[{"href":"https:\/\/relaxed-poincare.168-119-193-199.plesk.page\/en\/wp-json\/wp\/v2\/product"}],"about":[{"href":"https:\/\/relaxed-poincare.168-119-193-199.plesk.page\/en\/wp-json\/wp\/v2\/types\/product"}],"replies":[{"embeddable":true,"href":"https:\/\/relaxed-poincare.168-119-193-199.plesk.page\/en\/wp-json\/wp\/v2\/comments?post=92287"}],"wp:featuredmedia":[{"embeddable":true,"href":"https:\/\/relaxed-poincare.168-119-193-199.plesk.page\/en\/wp-json\/wp\/v2\/media\/89905"}],"wp:attachment":[{"href":"https:\/\/relaxed-poincare.168-119-193-199.plesk.page\/en\/wp-json\/wp\/v2\/media?parent=92287"}],"wp:term":[{"taxonomy":"product_brand","embeddable":true,"href":"https:\/\/relaxed-poincare.168-119-193-199.plesk.page\/en\/wp-json\/wp\/v2\/product_brand?post=92287"},{"taxonomy":"product_cat","embeddable":true,"href":"https:\/\/relaxed-poincare.168-119-193-199.plesk.page\/en\/wp-json\/wp\/v2\/product_cat?post=92287"},{"taxonomy":"product_tag","embeddable":true,"href":"https:\/\/relaxed-poincare.168-119-193-199.plesk.page\/en\/wp-json\/wp\/v2\/product_tag?post=92287"}],"curies":[{"name":"wp","href":"https:\/\/api.w.org\/{rel}","templated":true}]}}