{"id":92292,"date":"2026-05-06T09:46:39","date_gmt":"2026-05-06T08:46:39","guid":{"rendered":"https:\/\/relaxed-poincare.168-119-193-199.plesk.page\/?post_type=product&#038;p=92292"},"modified":"2026-05-08T10:44:27","modified_gmt":"2026-05-08T09:44:27","slug":"gel-hidroalcoholico-para-manos-con-albaricoque-2","status":"publish","type":"product","link":"https:\/\/relaxed-poincare.168-119-193-199.plesk.page\/en\/gel-hidroalcoholico-para-manos-con-albaricoque-2\/","title":{"rendered":"Gel hidroalcoh\u00f3lico para manos con Albaricoque"},"content":{"rendered":"<p><strong>Modo de Uso:<\/strong> Aplicar en manos o zona a tratar. No necesita jab\u00f3n ni agua. Sin aclarado.<\/p>\n","protected":false},"excerpt":{"rendered":"<p>Gel hidroalcoh\u00f3lico para la limpieza de manos, con propiedades cosm\u00e9ticas, ideales para ni\u00f1os y adultos. Alta concentraci\u00f3n de glicerina y Aloe Vera para mantener la piel hidratada y protegida. Contiene un 80% de alcohol.<\/p>\n<div class=\"woocommerce-variation single_variation\" role=\"alert\" aria-relevant=\"additions\">\n<div class=\"woocommerce-variation-description\">\n<p>ref. 11243 | 100 ml e 3,4 Fl. Oz.<\/p>\n<\/div>\n<\/div>\n","protected":false},"featured_media":90970,"comment_status":"open","ping_status":"closed","template":"","meta":{"_gspb_post_css":""},"product_brand":[],"product_cat":[676],"product_tag":[],"class_list":{"0":"post-92292","1":"product","2":"type-product","3":"status-publish","4":"has-post-thumbnail","6":"product_cat-geles-hidroalcoholicos","8":"first","9":"instock","10":"taxable","11":"shipping-taxable","12":"purchasable","13":"product-type-simple"},"ct_brands":[],"_links":{"self":[{"href":"https:\/\/relaxed-poincare.168-119-193-199.plesk.page\/en\/wp-json\/wp\/v2\/product\/92292","targetHints":{"allow":["GET"]}}],"collection":[{"href":"https:\/\/relaxed-poincare.168-119-193-199.plesk.page\/en\/wp-json\/wp\/v2\/product"}],"about":[{"href":"https:\/\/relaxed-poincare.168-119-193-199.plesk.page\/en\/wp-json\/wp\/v2\/types\/product"}],"replies":[{"embeddable":true,"href":"https:\/\/relaxed-poincare.168-119-193-199.plesk.page\/en\/wp-json\/wp\/v2\/comments?post=92292"}],"wp:featuredmedia":[{"embeddable":true,"href":"https:\/\/relaxed-poincare.168-119-193-199.plesk.page\/en\/wp-json\/wp\/v2\/media\/90970"}],"wp:attachment":[{"href":"https:\/\/relaxed-poincare.168-119-193-199.plesk.page\/en\/wp-json\/wp\/v2\/media?parent=92292"}],"wp:term":[{"taxonomy":"product_brand","embeddable":true,"href":"https:\/\/relaxed-poincare.168-119-193-199.plesk.page\/en\/wp-json\/wp\/v2\/product_brand?post=92292"},{"taxonomy":"product_cat","embeddable":true,"href":"https:\/\/relaxed-poincare.168-119-193-199.plesk.page\/en\/wp-json\/wp\/v2\/product_cat?post=92292"},{"taxonomy":"product_tag","embeddable":true,"href":"https:\/\/relaxed-poincare.168-119-193-199.plesk.page\/en\/wp-json\/wp\/v2\/product_tag?post=92292"}],"curies":[{"name":"wp","href":"https:\/\/api.w.org\/{rel}","templated":true}]}}