{"id":92296,"date":"2026-05-06T10:03:38","date_gmt":"2026-05-06T09:03:38","guid":{"rendered":"https:\/\/relaxed-poincare.168-119-193-199.plesk.page\/?post_type=product&#038;p=92296"},"modified":"2026-05-08T10:08:20","modified_gmt":"2026-05-08T09:08:20","slug":"crema-rosa-mosqueta-y-aloe-vera-100-cara-y-cuerpo-2","status":"publish","type":"product","link":"https:\/\/relaxed-poincare.168-119-193-199.plesk.page\/en\/crema-rosa-mosqueta-y-aloe-vera-100-cara-y-cuerpo-2\/","title":{"rendered":"Crema rosa mosqueta y Aloe Vera 100% cara y cuerpo"},"content":{"rendered":"","protected":false},"excerpt":{"rendered":"<p class=\"p1\">Emulsi\u00f3n enriquecida con Aloe Vera y aceite de Rosa Mosqueta. Regenera y nutre la piel. Ayuda de manera efectiva a atenuar arrugas y cicatrices.<br \/>\nDe f\u00e1cil absorci\u00f3n y agradable perfume. Deja la piel incre\u00edblemente suave.<\/p>\n<p><strong>Modo de uso:<\/strong> Aplicar en la zona a tratar. Repetir la operaci\u00f3n las veces necesarias.<\/p>\n<p>ref. 11420 | 250 ml e 8,4 Fl. Oz.<\/p>\n","protected":false},"featured_media":90799,"comment_status":"open","ping_status":"closed","template":"","meta":{"_gspb_post_css":""},"product_brand":[],"product_cat":[666],"product_tag":[],"class_list":{"0":"post-92296","1":"product","2":"type-product","3":"status-publish","4":"has-post-thumbnail","6":"product_cat-hidratacion","7":"pa_tamano-100ml-e-34-fl-oz","8":"pa_tamano-250ml-e-84-fl-oz","10":"first","11":"instock","12":"taxable","13":"shipping-taxable","14":"purchasable","15":"product-type-simple"},"ct_brands":[],"_links":{"self":[{"href":"https:\/\/relaxed-poincare.168-119-193-199.plesk.page\/en\/wp-json\/wp\/v2\/product\/92296","targetHints":{"allow":["GET"]}}],"collection":[{"href":"https:\/\/relaxed-poincare.168-119-193-199.plesk.page\/en\/wp-json\/wp\/v2\/product"}],"about":[{"href":"https:\/\/relaxed-poincare.168-119-193-199.plesk.page\/en\/wp-json\/wp\/v2\/types\/product"}],"replies":[{"embeddable":true,"href":"https:\/\/relaxed-poincare.168-119-193-199.plesk.page\/en\/wp-json\/wp\/v2\/comments?post=92296"}],"wp:featuredmedia":[{"embeddable":true,"href":"https:\/\/relaxed-poincare.168-119-193-199.plesk.page\/en\/wp-json\/wp\/v2\/media\/90799"}],"wp:attachment":[{"href":"https:\/\/relaxed-poincare.168-119-193-199.plesk.page\/en\/wp-json\/wp\/v2\/media?parent=92296"}],"wp:term":[{"taxonomy":"product_brand","embeddable":true,"href":"https:\/\/relaxed-poincare.168-119-193-199.plesk.page\/en\/wp-json\/wp\/v2\/product_brand?post=92296"},{"taxonomy":"product_cat","embeddable":true,"href":"https:\/\/relaxed-poincare.168-119-193-199.plesk.page\/en\/wp-json\/wp\/v2\/product_cat?post=92296"},{"taxonomy":"product_tag","embeddable":true,"href":"https:\/\/relaxed-poincare.168-119-193-199.plesk.page\/en\/wp-json\/wp\/v2\/product_tag?post=92296"}],"curies":[{"name":"wp","href":"https:\/\/api.w.org\/{rel}","templated":true}]}}