{"id":92304,"date":"2026-05-06T10:14:07","date_gmt":"2026-05-06T09:14:07","guid":{"rendered":"https:\/\/relaxed-poincare.168-119-193-199.plesk.page\/?post_type=product&#038;p=92304"},"modified":"2026-05-08T10:47:49","modified_gmt":"2026-05-08T09:47:49","slug":"crema-facial-aloe-vera-y-tuno-canario-99-ingredientes-naturales-2","status":"publish","type":"product","link":"https:\/\/relaxed-poincare.168-119-193-199.plesk.page\/en\/crema-facial-aloe-vera-y-tuno-canario-99-ingredientes-naturales-2\/","title":{"rendered":"Crema facial Aloe Vera y tuno canario 99% ingredientes naturales"},"content":{"rendered":"","protected":false},"excerpt":{"rendered":"<p>Tratamiento facial para piel seca y sensible. Nutre la piel del rostro para atenuar arrugas y evitar la aparici\u00f3n de nuevas l\u00edneas de expresi\u00f3n.<\/p>\n<p><strong>Modo de uso:<\/strong> Aplicar diariamente, preferiblemente por la ma\u00f1ana, en cara, cuello y escote con suave masaje hasta su total absorci\u00f3n.<\/p>\n<div class=\"woocommerce-variation-description\">\n<p>ref. 170205 | 50 ml e 1,7 Fl. Oz.<\/p>\n<\/div>\n","protected":false},"featured_media":91166,"comment_status":"open","ping_status":"closed","template":"","meta":{"_gspb_post_css":""},"product_brand":[],"product_cat":[670],"product_tag":[],"class_list":{"0":"post-92304","1":"product","2":"type-product","3":"status-publish","4":"has-post-thumbnail","6":"product_cat-hidratacion-facial","8":"first","9":"instock","10":"taxable","11":"shipping-taxable","12":"purchasable","13":"product-type-simple"},"ct_brands":[],"_links":{"self":[{"href":"https:\/\/relaxed-poincare.168-119-193-199.plesk.page\/en\/wp-json\/wp\/v2\/product\/92304","targetHints":{"allow":["GET"]}}],"collection":[{"href":"https:\/\/relaxed-poincare.168-119-193-199.plesk.page\/en\/wp-json\/wp\/v2\/product"}],"about":[{"href":"https:\/\/relaxed-poincare.168-119-193-199.plesk.page\/en\/wp-json\/wp\/v2\/types\/product"}],"replies":[{"embeddable":true,"href":"https:\/\/relaxed-poincare.168-119-193-199.plesk.page\/en\/wp-json\/wp\/v2\/comments?post=92304"}],"wp:featuredmedia":[{"embeddable":true,"href":"https:\/\/relaxed-poincare.168-119-193-199.plesk.page\/en\/wp-json\/wp\/v2\/media\/91166"}],"wp:attachment":[{"href":"https:\/\/relaxed-poincare.168-119-193-199.plesk.page\/en\/wp-json\/wp\/v2\/media?parent=92304"}],"wp:term":[{"taxonomy":"product_brand","embeddable":true,"href":"https:\/\/relaxed-poincare.168-119-193-199.plesk.page\/en\/wp-json\/wp\/v2\/product_brand?post=92304"},{"taxonomy":"product_cat","embeddable":true,"href":"https:\/\/relaxed-poincare.168-119-193-199.plesk.page\/en\/wp-json\/wp\/v2\/product_cat?post=92304"},{"taxonomy":"product_tag","embeddable":true,"href":"https:\/\/relaxed-poincare.168-119-193-199.plesk.page\/en\/wp-json\/wp\/v2\/product_tag?post=92304"}],"curies":[{"name":"wp","href":"https:\/\/api.w.org\/{rel}","templated":true}]}}