{"id":92310,"date":"2026-05-06T10:25:56","date_gmt":"2026-05-06T09:25:56","guid":{"rendered":"https:\/\/relaxed-poincare.168-119-193-199.plesk.page\/?post_type=product&#038;p=92310"},"modified":"2026-05-08T10:08:20","modified_gmt":"2026-05-08T09:08:20","slug":"crema-corporal-aloe-vera-100-yerba-mate-y-limon","status":"publish","type":"product","link":"https:\/\/relaxed-poincare.168-119-193-199.plesk.page\/en\/crema-corporal-aloe-vera-100-yerba-mate-y-limon\/","title":{"rendered":"Crema Corporal Aloe Vera 100% Yerba Mate y Lim\u00f3n"},"content":{"rendered":"","protected":false},"excerpt":{"rendered":"<p>Emulsi\u00f3n corporal hidratante, revitalizante y antioxidante. La Yerba Mate, el Aloe Vera y el Lim\u00f3n, combinan sus propiedades, aportando vitaminas A,C y E, estimulan el col\u00e1geno ofreciendo elasticidad, aportan energ\u00eda, frescura y luminosidad. Sus propiedades regeneradoras contribuyen a mantener la piel suave, flexible y equilibrada. Ideal para todo tipo de pieles.<br \/>\n<strong>Modo de uso:<\/strong> Aplicar en la zona a tratar. Repetir la operaci\u00f3n cuantas veces sea necesario.<\/p>\n<div class=\"woocommerce-variation-description\">\n<p>ref. 11540 | 250 ml e 8,4 Fl. Oz.<\/p>\n<\/div>\n<p>&nbsp;<\/p>\n","protected":false},"featured_media":88161,"comment_status":"open","ping_status":"closed","template":"","meta":{"_gspb_post_css":""},"product_brand":[],"product_cat":[666],"product_tag":[],"class_list":{"0":"post-92310","1":"product","2":"type-product","3":"status-publish","4":"has-post-thumbnail","6":"product_cat-hidratacion","8":"first","9":"instock","10":"taxable","11":"shipping-taxable","12":"purchasable","13":"product-type-simple"},"ct_brands":[],"_links":{"self":[{"href":"https:\/\/relaxed-poincare.168-119-193-199.plesk.page\/en\/wp-json\/wp\/v2\/product\/92310","targetHints":{"allow":["GET"]}}],"collection":[{"href":"https:\/\/relaxed-poincare.168-119-193-199.plesk.page\/en\/wp-json\/wp\/v2\/product"}],"about":[{"href":"https:\/\/relaxed-poincare.168-119-193-199.plesk.page\/en\/wp-json\/wp\/v2\/types\/product"}],"replies":[{"embeddable":true,"href":"https:\/\/relaxed-poincare.168-119-193-199.plesk.page\/en\/wp-json\/wp\/v2\/comments?post=92310"}],"wp:featuredmedia":[{"embeddable":true,"href":"https:\/\/relaxed-poincare.168-119-193-199.plesk.page\/en\/wp-json\/wp\/v2\/media\/88161"}],"wp:attachment":[{"href":"https:\/\/relaxed-poincare.168-119-193-199.plesk.page\/en\/wp-json\/wp\/v2\/media?parent=92310"}],"wp:term":[{"taxonomy":"product_brand","embeddable":true,"href":"https:\/\/relaxed-poincare.168-119-193-199.plesk.page\/en\/wp-json\/wp\/v2\/product_brand?post=92310"},{"taxonomy":"product_cat","embeddable":true,"href":"https:\/\/relaxed-poincare.168-119-193-199.plesk.page\/en\/wp-json\/wp\/v2\/product_cat?post=92310"},{"taxonomy":"product_tag","embeddable":true,"href":"https:\/\/relaxed-poincare.168-119-193-199.plesk.page\/en\/wp-json\/wp\/v2\/product_tag?post=92310"}],"curies":[{"name":"wp","href":"https:\/\/api.w.org\/{rel}","templated":true}]}}